{"id":120,"date":"2024-01-06T10:34:27","date_gmt":"2024-01-06T10:34:27","guid":{"rendered":"https:\/\/villa-ithaque.fr\/?page_id=120"},"modified":"2024-01-10T08:52:20","modified_gmt":"2024-01-10T08:52:20","slug":"lete","status":"publish","type":"page","link":"https:\/\/villa-ithaque.fr\/?page_id=120","title":{"rendered":"Activit\u00e9s \u00c9t\u00e9\/Hiver"},"content":{"rendered":"\n<div class=\"wp-block-media-text is-stacked-on-mobile\"><figure class=\"wp-block-media-text__media\"><img loading=\"lazy\" decoding=\"async\" width=\"1024\" height=\"686\" src=\"https:\/\/villa-ithaque.fr\/wp-content\/uploads\/2024\/01\/pyrenees-2146206_1280-1024x686.jpg\" alt=\"\" class=\"wp-image-215 size-full\" srcset=\"https:\/\/villa-ithaque.fr\/wp-content\/uploads\/2024\/01\/pyrenees-2146206_1280-1024x686.jpg 1024w, https:\/\/villa-ithaque.fr\/wp-content\/uploads\/2024\/01\/pyrenees-2146206_1280-300x201.jpg 300w, https:\/\/villa-ithaque.fr\/wp-content\/uploads\/2024\/01\/pyrenees-2146206_1280-768x514.jpg 768w, https:\/\/villa-ithaque.fr\/wp-content\/uploads\/2024\/01\/pyrenees-2146206_1280.jpg 1280w\" sizes=\"(max-width: 1024px) 100vw, 1024px\" \/><\/figure><div class=\"wp-block-media-text__content\">\n<p><em><strong>Balades, randonn\u00e9es, trails&nbsp;: \u00e0 chacun son parcours<\/strong><\/em><\/p>\n\n\n\n<p>Dans ou autour du Parc National, des paysages exceptionnels autour d&rsquo;un lac ou d&rsquo;un point de vue \u00e0 couper le souffle. Que ce soit le Cirque de Gavarnie, inscrit au patrimoine mondial de l\u2019UNESCO ou ailleurs, il y a des challenges pour tous les niveaux, pour toutes les envies.<\/p>\n<\/div><\/div>\n\n\n\n<div class=\"wp-block-media-text is-stacked-on-mobile\"><figure class=\"wp-block-media-text__media\"><img loading=\"lazy\" decoding=\"async\" width=\"1024\" height=\"683\" src=\"https:\/\/villa-ithaque.fr\/wp-content\/uploads\/2024\/01\/image-2-1024x683.jpeg\" alt=\"\" class=\"wp-image-211 size-full\" srcset=\"https:\/\/villa-ithaque.fr\/wp-content\/uploads\/2024\/01\/image-2-1024x683.jpeg 1024w, https:\/\/villa-ithaque.fr\/wp-content\/uploads\/2024\/01\/image-2-300x200.jpeg 300w, https:\/\/villa-ithaque.fr\/wp-content\/uploads\/2024\/01\/image-2-768x512.jpeg 768w, https:\/\/villa-ithaque.fr\/wp-content\/uploads\/2024\/01\/image-2.jpeg 1300w\" sizes=\"(max-width: 1024px) 100vw, 1024px\" \/><\/figure><div class=\"wp-block-media-text__content\">\n<p><em><strong>A v\u00e9lo, \u00e0 VTT<\/strong><\/em><strong><em> ou \u00e0 moto<\/em><\/strong><\/p>\n\n\n\n<p><em>C&rsquo;est parti&nbsp;! Sur les traces des g\u00e9ants du Tour de France sur les ascensions mythiques et cols c\u00e9l\u00e8bres : Col du Tourmalet, Luz Ardiden\u2026<\/em> ou \u00e0 la d\u00e9couverte des paysages plus secrets de Troumouse.<\/p>\n\n\n\n<p>Prochaine \u00e9tape du Tour de France le 13 juillet avec un passage devant la Villa Ithaque : vous serez aux premi\u00e8res loges !<\/p>\n<\/div><\/div>\n\n\n\n<div class=\"wp-block-media-text is-stacked-on-mobile\"><figure class=\"wp-block-media-text__media\"><img loading=\"lazy\" decoding=\"async\" width=\"960\" height=\"506\" src=\"https:\/\/villa-ithaque.fr\/wp-content\/uploads\/2024\/01\/image-3.jpeg\" alt=\"\" class=\"wp-image-212 size-full\" srcset=\"https:\/\/villa-ithaque.fr\/wp-content\/uploads\/2024\/01\/image-3.jpeg 960w, https:\/\/villa-ithaque.fr\/wp-content\/uploads\/2024\/01\/image-3-300x158.jpeg 300w, https:\/\/villa-ithaque.fr\/wp-content\/uploads\/2024\/01\/image-3-768x405.jpeg 768w\" sizes=\"(max-width: 960px) 100vw, 960px\" \/><\/figure><div class=\"wp-block-media-text__content\">\n<p><em><strong>Sports Extr\u00eames<\/strong><\/em><\/p>\n\n\n\n<p>Parapente, saut \u00e0 l&rsquo;\u00e9lastique, acrobranche, parcours de tyrolienne, sports d&rsquo;eau vive&nbsp;: l\u2019aventure c\u2019est l\u2019aventure&nbsp;! Sensations garanties.<\/p>\n<\/div><\/div>\n\n\n\n<div class=\"wp-block-media-text is-stacked-on-mobile\"><figure class=\"wp-block-media-text__media\"><img loading=\"lazy\" decoding=\"async\" width=\"1024\" height=\"657\" src=\"https:\/\/villa-ithaque.fr\/wp-content\/uploads\/2024\/01\/pic-du-midi-6604346_1280-1024x657.jpg\" alt=\"\" class=\"wp-image-224 size-full\" srcset=\"https:\/\/villa-ithaque.fr\/wp-content\/uploads\/2024\/01\/pic-du-midi-6604346_1280-1024x657.jpg 1024w, https:\/\/villa-ithaque.fr\/wp-content\/uploads\/2024\/01\/pic-du-midi-6604346_1280-300x192.jpg 300w, https:\/\/villa-ithaque.fr\/wp-content\/uploads\/2024\/01\/pic-du-midi-6604346_1280-768x493.jpg 768w, https:\/\/villa-ithaque.fr\/wp-content\/uploads\/2024\/01\/pic-du-midi-6604346_1280.jpg 1280w\" sizes=\"(max-width: 1024px) 100vw, 1024px\" \/><\/figure><div class=\"wp-block-media-text__content\">\n<p><em><strong>Le Pic Du Midi De Bigorre<\/strong><\/em><\/p>\n\n\n\n<p>Le Pic du Midi de Bigorre offre sans doute le plus beau panorama sur la cha\u00eene des Pyr\u00e9n\u00e9es \u00e0 2877m. Un site de haute montagne accessible \u00e0 tout public en toutes saisons.<\/p>\n<\/div><\/div>\n\n\n\n<div class=\"wp-block-media-text is-stacked-on-mobile\"><figure class=\"wp-block-media-text__media\"><img loading=\"lazy\" decoding=\"async\" width=\"681\" height=\"1024\" src=\"https:\/\/villa-ithaque.fr\/wp-content\/uploads\/2024\/01\/entry-5386857_1280-681x1024.jpg\" alt=\"\" class=\"wp-image-222 size-full\" srcset=\"https:\/\/villa-ithaque.fr\/wp-content\/uploads\/2024\/01\/entry-5386857_1280-681x1024.jpg 681w, https:\/\/villa-ithaque.fr\/wp-content\/uploads\/2024\/01\/entry-5386857_1280-199x300.jpg 199w, https:\/\/villa-ithaque.fr\/wp-content\/uploads\/2024\/01\/entry-5386857_1280-768x1155.jpg 768w, https:\/\/villa-ithaque.fr\/wp-content\/uploads\/2024\/01\/entry-5386857_1280.jpg 851w\" sizes=\"(max-width: 681px) 100vw, 681px\" \/><\/figure><div class=\"wp-block-media-text__content\">\n<p><em><strong>Lourdes<\/strong><\/em><\/p>\n\n\n\n<p>Admirez Lourdes, le Sanctuaire et le lac. Vivez la cit\u00e9 mariale. Portez un autre regard sur la cha\u00eene des Pyr\u00e9n\u00e9es.<\/p>\n<\/div><\/div>\n\n\n\n<div class=\"wp-block-media-text is-stacked-on-mobile\"><figure class=\"wp-block-media-text__media\"><img loading=\"lazy\" decoding=\"async\" width=\"1024\" height=\"682\" src=\"https:\/\/villa-ithaque.fr\/wp-content\/uploads\/2024\/01\/stones-3184610_1280-1024x682.jpg\" alt=\"\" class=\"wp-image-216 size-full\" srcset=\"https:\/\/villa-ithaque.fr\/wp-content\/uploads\/2024\/01\/stones-3184610_1280-1024x682.jpg 1024w, https:\/\/villa-ithaque.fr\/wp-content\/uploads\/2024\/01\/stones-3184610_1280-300x200.jpg 300w, https:\/\/villa-ithaque.fr\/wp-content\/uploads\/2024\/01\/stones-3184610_1280-768x512.jpg 768w, https:\/\/villa-ithaque.fr\/wp-content\/uploads\/2024\/01\/stones-3184610_1280.jpg 1280w\" sizes=\"(max-width: 1024px) 100vw, 1024px\" \/><\/figure><div class=\"wp-block-media-text__content\">\n<p><em><strong>Thermalisme Et Bien-\u00catre<\/strong><\/em><\/p>\n\n\n\n<p>Les eaux thermales de Bar\u00e8ges ou de Luz sont une cure de soins pour le corps et pour l&rsquo;esprit.<\/p>\n\n\n\n<p>A Bar\u00e8ges, l&rsquo;espace bien-\u00eatre et relaxation<strong> Ci\u00e9l\u00e9o<\/strong>, propose bassin, jacuzzi, sauna, hammam pour une v\u00e9ritable parenth\u00e8se de bien-\u00eatre sous une magnifique coupole.&nbsp;<\/p>\n\n\n\n<p>A Saint Sauveur, <strong>Luz\u00e9a<\/strong> vous propose son l&rsquo;espace baln\u00e9o et soins dans un cadre alliant marbre, verre et mosa\u00efques.&nbsp;<\/p>\n<\/div><\/div>\n\n\n\n<div class=\"wp-block-media-text is-stacked-on-mobile\"><figure class=\"wp-block-media-text__media\"><img loading=\"lazy\" decoding=\"async\" width=\"819\" height=\"1024\" src=\"https:\/\/villa-ithaque.fr\/wp-content\/uploads\/2024\/01\/luke-stackpoole-sfB_Nw9sggw-unsplash-819x1024.jpg\" alt=\"\" class=\"wp-image-218 size-full\" srcset=\"https:\/\/villa-ithaque.fr\/wp-content\/uploads\/2024\/01\/luke-stackpoole-sfB_Nw9sggw-unsplash-819x1024.jpg 819w, https:\/\/villa-ithaque.fr\/wp-content\/uploads\/2024\/01\/luke-stackpoole-sfB_Nw9sggw-unsplash-240x300.jpg 240w, https:\/\/villa-ithaque.fr\/wp-content\/uploads\/2024\/01\/luke-stackpoole-sfB_Nw9sggw-unsplash-768x960.jpg 768w, https:\/\/villa-ithaque.fr\/wp-content\/uploads\/2024\/01\/luke-stackpoole-sfB_Nw9sggw-unsplash-1229x1536.jpg 1229w, https:\/\/villa-ithaque.fr\/wp-content\/uploads\/2024\/01\/luke-stackpoole-sfB_Nw9sggw-unsplash-1638x2048.jpg 1638w, https:\/\/villa-ithaque.fr\/wp-content\/uploads\/2024\/01\/luke-stackpoole-sfB_Nw9sggw-unsplash-scaled.jpg 2048w\" sizes=\"(max-width: 819px) 100vw, 819px\" \/><\/figure><div class=\"wp-block-media-text__content\">\n<p><em><strong>Gastronomie, patrimoine, culture<\/strong><\/em><\/p>\n\n\n\n<p>Garbure, mouton AOP, truite des pyr\u00e9n\u00e9es, fromages, miel, tourte aux myrtilles, g\u00e2teau \u00e0 la broche&#8230; Vous avez l&rsquo;eau \u00e0 la bouche&nbsp;? <\/p>\n\n\n\n<p>Et pour nourrir votre esprit, de nombreux rendez-vous rythmeront votre s\u00e9jour au gr\u00e8s de vos envies&nbsp;: Jazz \u00e0 Luz,  m\u00e9di\u00e9vales d&rsquo;Esterre (en 2025)&#8230;<\/p>\n\n\n\n<p>ou laissez vous simplement fl\u00e2ner dans les ruelles de nos villages pour d\u00e9couvrir les ponts, lavoirs, moulins, chapelles&#8230;&nbsp;!<\/p>\n<\/div><\/div>\n\n\n\n<div class=\"wp-block-media-text is-stacked-on-mobile\"><figure class=\"wp-block-media-text__media\"><img loading=\"lazy\" decoding=\"async\" width=\"1024\" height=\"576\" src=\"https:\/\/villa-ithaque.fr\/wp-content\/uploads\/2024\/01\/wintry-2068298_1280-1024x576.jpg\" alt=\"\" class=\"wp-image-219 size-full\" srcset=\"https:\/\/villa-ithaque.fr\/wp-content\/uploads\/2024\/01\/wintry-2068298_1280-1024x576.jpg 1024w, https:\/\/villa-ithaque.fr\/wp-content\/uploads\/2024\/01\/wintry-2068298_1280-300x169.jpg 300w, https:\/\/villa-ithaque.fr\/wp-content\/uploads\/2024\/01\/wintry-2068298_1280-768x432.jpg 768w, https:\/\/villa-ithaque.fr\/wp-content\/uploads\/2024\/01\/wintry-2068298_1280.jpg 1280w\" sizes=\"(max-width: 1024px) 100vw, 1024px\" \/><\/figure><div class=\"wp-block-media-text__content\">\n<p><em><strong>Ski Et Sports De Glisse<\/strong><\/em><\/p>\n\n\n\n<p>La Villa se situe \u00e0 la crois\u00e9e de trois stations : Luz Ardiden, Gavarnie et Grand Tourmalet. Il ne vous reste plus qu&rsquo;\u00e0 choisir.<\/p>\n\n\n\n<p>Navettes gratuites, parkings au pied de pistes, consignes \u00e0 ski, garderie au pied de pistes, jardin d\u2019enfants, \u00e9cole de ski, pistes de luge, restaurants d\u2019altitudes.<\/p>\n<\/div><\/div>\n\n\n\n<div class=\"wp-block-media-text is-stacked-on-mobile\"><figure class=\"wp-block-media-text__media\"><img loading=\"lazy\" decoding=\"async\" width=\"1024\" height=\"682\" src=\"https:\/\/villa-ithaque.fr\/wp-content\/uploads\/2024\/01\/snow-1185468_1280-1024x682.jpg\" alt=\"\" class=\"wp-image-220 size-full\" srcset=\"https:\/\/villa-ithaque.fr\/wp-content\/uploads\/2024\/01\/snow-1185468_1280-1024x682.jpg 1024w, https:\/\/villa-ithaque.fr\/wp-content\/uploads\/2024\/01\/snow-1185468_1280-300x200.jpg 300w, https:\/\/villa-ithaque.fr\/wp-content\/uploads\/2024\/01\/snow-1185468_1280-768x512.jpg 768w, https:\/\/villa-ithaque.fr\/wp-content\/uploads\/2024\/01\/snow-1185468_1280.jpg 1280w\" sizes=\"(max-width: 1024px) 100vw, 1024px\" \/><\/figure><div class=\"wp-block-media-text__content\">\n<p><em><strong>Raquettes Et Randonn\u00e9es<\/strong><\/em> <strong>d&rsquo;hiver<\/strong><\/p>\n\n\n\n<p>A l&rsquo;\u00e9cart de la foule, profitez du calme de la nature et de la volupt\u00e9 de ses paysages. Laissez votre trace dans la neige.<\/p>\n<\/div><\/div>\n","protected":false},"excerpt":{"rendered":"<p>Balades, randonn\u00e9es, trails&nbsp;: \u00e0 chacun son parcours Dans ou autour du Parc National, des paysages exceptionnels autour d&rsquo;un lac ou d&rsquo;un point de vue \u00e0 couper le souffle. Que ce soit le Cirque de Gavarnie, inscrit au patrimoine mondial de l\u2019UNESCO ou ailleurs, il y a des challenges pour tous les niveaux, pour toutes les [&hellip;]<\/p>\n","protected":false},"author":1,"featured_media":0,"parent":0,"menu_order":0,"comment_status":"closed","ping_status":"closed","template":"","meta":{"footnotes":""},"_links":{"self":[{"href":"https:\/\/villa-ithaque.fr\/index.php?rest_route=\/wp\/v2\/pages\/120"}],"collection":[{"href":"https:\/\/villa-ithaque.fr\/index.php?rest_route=\/wp\/v2\/pages"}],"about":[{"href":"https:\/\/villa-ithaque.fr\/index.php?rest_route=\/wp\/v2\/types\/page"}],"author":[{"embeddable":true,"href":"https:\/\/villa-ithaque.fr\/index.php?rest_route=\/wp\/v2\/users\/1"}],"replies":[{"embeddable":true,"href":"https:\/\/villa-ithaque.fr\/index.php?rest_route=%2Fwp%2Fv2%2Fcomments&post=120"}],"version-history":[{"count":11,"href":"https:\/\/villa-ithaque.fr\/index.php?rest_route=\/wp\/v2\/pages\/120\/revisions"}],"predecessor-version":[{"id":262,"href":"https:\/\/villa-ithaque.fr\/index.php?rest_route=\/wp\/v2\/pages\/120\/revisions\/262"}],"wp:attachment":[{"href":"https:\/\/villa-ithaque.fr\/index.php?rest_route=%2Fwp%2Fv2%2Fmedia&parent=120"}],"curies":[{"name":"wp","href":"https:\/\/api.w.org\/{rel}","templated":true}]}}