{"id":60,"date":"2024-01-06T10:17:19","date_gmt":"2024-01-06T10:17:19","guid":{"rendered":"https:\/\/villa-ithaque.fr\/?page_id=60"},"modified":"2025-09-21T10:46:59","modified_gmt":"2025-09-21T10:46:59","slug":"appartements","status":"publish","type":"page","link":"https:\/\/villa-ithaque.fr\/?page_id=60","title":{"rendered":"Appartements d&rsquo;h\u00f4tes"},"content":{"rendered":"\n<p>La Villa Ithaque est situ\u00e9e \u00e0 Esterre dans une maison d&rsquo;h\u00f4tes de caract\u00e8re entour\u00e9e d&rsquo;un \u00e9crin de verdure.<\/p>\n\n\n\n<p>Deux appartements, r\u00e9cemment r\u00e9nov\u00e9s sont propos\u00e9s \u00e0 nos voyageurs. Ils disposent chacun d&rsquo;une entr\u00e9e ind\u00e9pendante et d&rsquo;une grande terrasse privative avec belle vue sur le jardin et montagnes. <\/p>\n\n\n\n<p>Le concept : le confort  &amp; l&rsquo;accueil d&rsquo;une chambre d&rsquo;h\u00f4te avec la fonctionnalit\u00e9 &amp; l&rsquo;ind\u00e9pendance d&rsquo;un appartement.<\/p>\n\n\n\n<p>Profitez du calme du lieu, rendez vous au village de Luz Saint Sauveur en moins de 10 mn \u00e0 pied pour y faire votre march\u00e9. Situ\u00e9e \u00e0 la crois\u00e9e des plus grands sites, de nombreuses activit\u00e9s et balades familiales sont possibles au d\u00e9part de la villa&nbsp;: un v\u00e9ritable camp de base au c\u0153ur des Pyr\u00e9n\u00e9es !<\/p>\n\n\n\n<p>D\u00e9couvrez nos deux appartements et faites votre choix.<\/p>\n\n\n\n<div class=\"wp-block-group alignfull has-global-padding is-layout-constrained wp-block-group-is-layout-constrained\" style=\"margin-top:0;margin-bottom:0;padding-top:var(--wp--preset--spacing--50);padding-right:var(--wp--preset--spacing--50);padding-bottom:var(--wp--preset--spacing--50);padding-left:var(--wp--preset--spacing--50)\">\n<div class=\"wp-block-columns alignwide are-vertically-aligned-center is-layout-flex wp-container-core-columns-layout-3 wp-block-columns-is-layout-flex\">\n<div class=\"wp-block-column is-vertically-aligned-center is-layout-flow wp-block-column-is-layout-flow\" style=\"flex-basis:50%\">\n<h2 class=\"wp-block-heading\">L&rsquo;Atelier<\/h2>\n\n\n\n<ul style=\"line-height:1.75\" class=\"is-style-checkmark-list\">\n<li>Grande terrasse avec vue sur le jardin<\/li>\n\n\n\n<li>S\u00e9jour avec kitchenette \u00e9quip\u00e9e<\/li>\n\n\n\n<li>1 chambre avec lit en 140*190<\/li>\n\n\n\n<li>1 chambre avec trois lits 90*190<\/li>\n\n\n\n<li>1 salle de bain avec douche, toilettes s\u00e9par\u00e9es<\/li>\n\n\n\n<li>Draps et serviettes compris<\/li>\n\n\n\n<li>WIFI, TV<\/li>\n\n\n\n<li>Parking<\/li>\n\n\n\n<li>Animaux bienvenus<\/li>\n\n\n\n<li>Kit b\u00e9b\u00e9<\/li>\n\n\n\n<li>Non fumeur<\/li>\n<\/ul>\n\n\n\n<details class=\"wp-block-details is-layout-flow wp-block-details-is-layout-flow\"><summary>Tarifs<\/summary>\n<p>Haute saison (vacances de f\u00e9vrier et d&rsquo;\u00e9t\u00e9): 655\u20ac\/semaine.<\/p>\n\n\n\n<p>Autres p\u00e9riodes: nous consulter.<\/p>\n\n\n\n<p>Cures: 570\u20ac\/2 personnes + 60\u20ac\/pers. (forfait 3 semaines).<\/p>\n\n\n\n<p>Taxe de s\u00e9jour en suppl\u00e9ment:  1\u20ac30 \/ adulte \/ nuit<\/p>\n\n\n\n<p>Animal de compagnie: 10\u20ac\/s\u00e9jour<\/p>\n\n\n\n<p>Panier de linge : 5\u20ac (1 offert en haute saison)<\/p>\n\n\n\n<p>Caution : 150\u20ac \u00e0 verser \u00e0 l&rsquo;arriv\u00e9e<\/p>\n\n\n\n<p>Acompte 25% \u00e0 la r\u00e9servation par ch\u00e8que, virement ou ch\u00e8ques vacances ANCV<\/p>\n<\/details>\n\n\n\n<div class=\"wp-block-buttons is-layout-flex wp-block-buttons-is-layout-flex\">\n<div class=\"wp-block-button\"><a class=\"wp-block-button__link wp-element-button\">2 \u00e0 5 personnes<\/a><\/div>\n\n\n\n<div class=\"wp-block-button is-style-outline\"><a class=\"wp-block-button__link wp-element-button\" href=\"https:\/\/villa-ithaque.fr\/?page_id=63\">R\u00e9servation<\/a><\/div>\n<\/div>\n<\/div>\n\n\n\n<div class=\"wp-block-column is-vertically-aligned-center is-layout-flow wp-block-column-is-layout-flow\" style=\"flex-basis:50%\">\n<div class=\"wp-block-columns are-vertically-aligned-center is-layout-flex wp-container-core-columns-layout-2 wp-block-columns-is-layout-flex\">\n<div class=\"wp-block-column is-vertically-aligned-center is-layout-flow wp-block-column-is-layout-flow\" style=\"flex-basis:100%\">\n<div class=\"wp-block-group has-global-padding is-layout-constrained wp-block-group-is-layout-constrained\">\n<div class=\"wp-block-columns is-layout-flex wp-container-core-columns-layout-1 wp-block-columns-is-layout-flex\">\n<div class=\"wp-block-column is-layout-flow wp-block-column-is-layout-flow\" style=\"flex-basis:150%\">\t\t<div class='wp-block-bicb-carousel  align' id='bicbCarousel-f67c4574-2' data-attributes='{&quot;cId&quot;:&quot;f67c4574-2&quot;,&quot;carousels&quot;:[{&quot;image&quot;:{&quot;id&quot;:310,&quot;url&quot;:&quot;https:\\\/\\\/villa-ithaque.fr\\\/wp-content\\\/uploads\\\/2024\\\/01\\\/ChbreDBB_Atelier-2-scaled.jpg&quot;,&quot;alt&quot;:&quot;&quot;,&quot;title&quot;:&quot;ChbreDBB_Atelier&quot;}},{&quot;image&quot;:{&quot;id&quot;:360,&quot;url&quot;:&quot;https:\\\/\\\/villa-ithaque.fr\\\/wp-content\\\/uploads\\\/2024\\\/02\\\/IMG_1699-scaled.jpg&quot;,&quot;alt&quot;:&quot;&quot;,&quot;title&quot;:&quot;IMG_1699&quot;}},{&quot;image&quot;:{&quot;id&quot;:359,&quot;url&quot;:&quot;https:\\\/\\\/villa-ithaque.fr\\\/wp-content\\\/uploads\\\/2024\\\/02\\\/IMG_1697-scaled.jpg&quot;,&quot;alt&quot;:&quot;&quot;,&quot;title&quot;:&quot;IMG_1697&quot;}},{&quot;image&quot;:{&quot;id&quot;:304,&quot;url&quot;:&quot;https:\\\/\\\/villa-ithaque.fr\\\/wp-content\\\/uploads\\\/2024\\\/01\\\/Chbre_Atelier-2-scaled.jpg&quot;,&quot;alt&quot;:&quot;&quot;,&quot;title&quot;:&quot;Chbre_Atelier&quot;}},{&quot;image&quot;:{&quot;id&quot;:159,&quot;url&quot;:&quot;https:\\\/\\\/villa-ithaque.fr\\\/wp-content\\\/uploads\\\/2024\\\/01\\\/Atelieretechbretriple-1-scaled.jpg&quot;,&quot;alt&quot;:&quot;&quot;,&quot;title&quot;:&quot;Atelieretechbretriple-1&quot;}},{&quot;image&quot;:{&quot;id&quot;:387,&quot;url&quot;:&quot;https:\\\/\\\/villa-ithaque.fr\\\/wp-content\\\/uploads\\\/2024\\\/02\\\/IMG_1717-scaled.jpg&quot;,&quot;alt&quot;:&quot;&quot;,&quot;title&quot;:&quot;IMG_1717&quot;}},{&quot;image&quot;:{&quot;id&quot;:385,&quot;url&quot;:&quot;https:\\\/\\\/villa-ithaque.fr\\\/wp-content\\\/uploads\\\/2024\\\/02\\\/IMG_1719-scaled.jpg&quot;,&quot;alt&quot;:&quot;&quot;,&quot;title&quot;:&quot;IMG_1719&quot;}},{&quot;image&quot;:{&quot;id&quot;:386,&quot;url&quot;:&quot;https:\\\/\\\/villa-ithaque.fr\\\/wp-content\\\/uploads\\\/2024\\\/02\\\/IMG_1718-scaled.jpg&quot;,&quot;alt&quot;:&quot;&quot;,&quot;title&quot;:&quot;IMG_1718&quot;}},{&quot;image&quot;:{&quot;id&quot;:382,&quot;url&quot;:&quot;https:\\\/\\\/villa-ithaque.fr\\\/wp-content\\\/uploads\\\/2024\\\/02\\\/IMG_1722-scaled.jpg&quot;,&quot;alt&quot;:&quot;&quot;,&quot;title&quot;:&quot;IMG_1722&quot;}},{&quot;image&quot;:{&quot;id&quot;:155,&quot;url&quot;:&quot;https:\\\/\\\/villa-ithaque.fr\\\/wp-content\\\/uploads\\\/2024\\\/01\\\/Kitch_Atelier-scaled.jpg&quot;,&quot;alt&quot;:&quot;&quot;,&quot;title&quot;:&quot;Kitch_Atelier&quot;}},{&quot;image&quot;:{&quot;id&quot;:383,&quot;url&quot;:&quot;https:\\\/\\\/villa-ithaque.fr\\\/wp-content\\\/uploads\\\/2024\\\/02\\\/IMG_1721-scaled.jpg&quot;,&quot;alt&quot;:&quot;&quot;,&quot;title&quot;:&quot;IMG_1721&quot;}},{&quot;image&quot;:{&quot;id&quot;:357,&quot;url&quot;:&quot;https:\\\/\\\/villa-ithaque.fr\\\/wp-content\\\/uploads\\\/2024\\\/02\\\/IMG_1692-scaled.jpg&quot;,&quot;alt&quot;:&quot;&quot;,&quot;title&quot;:&quot;IMG_1692&quot;}},{&quot;image&quot;:{&quot;id&quot;:158,&quot;url&quot;:&quot;https:\\\/\\\/villa-ithaque.fr\\\/wp-content\\\/uploads\\\/2024\\\/01\\\/villa-ithaque_sdbatelier.png&quot;,&quot;alt&quot;:&quot;&quot;,&quot;title&quot;:&quot;villa-ithaque_sdbatelier&quot;}},{&quot;image&quot;:{&quot;id&quot;:311,&quot;url&quot;:&quot;https:\\\/\\\/villa-ithaque.fr\\\/wp-content\\\/uploads\\\/2024\\\/01\\\/Terrasse-AtelierAvril1-scaled.jpg&quot;,&quot;alt&quot;:&quot;&quot;,&quot;title&quot;:&quot;Terrasse AtelierAvril1&quot;}},{&quot;image&quot;:{&quot;id&quot;:156,&quot;url&quot;:&quot;https:\\\/\\\/villa-ithaque.fr\\\/wp-content\\\/uploads\\\/2024\\\/01\\\/TerrasseAtelier-Juin-2-scaled.jpg&quot;,&quot;alt&quot;:&quot;&quot;,&quot;title&quot;:&quot;TerrasseAtelier-Juin-2&quot;}},{&quot;image&quot;:{&quot;id&quot;:312,&quot;url&quot;:&quot;https:\\\/\\\/villa-ithaque.fr\\\/wp-content\\\/uploads\\\/2024\\\/01\\\/IMG_0968-scaled.jpg&quot;,&quot;alt&quot;:&quot;&quot;,&quot;title&quot;:&quot;IMG_0968&quot;}},{&quot;image&quot;:{&quot;id&quot;:415,&quot;url&quot;:&quot;https:\\\/\\\/villa-ithaque.fr\\\/wp-content\\\/uploads\\\/2024\\\/05\\\/IMG_1918-scaled.jpg&quot;,&quot;alt&quot;:&quot;&quot;,&quot;title&quot;:&quot;IMG_1918&quot;}},{&quot;image&quot;:{&quot;id&quot;:416,&quot;url&quot;:&quot;https:\\\/\\\/villa-ithaque.fr\\\/wp-content\\\/uploads\\\/2024\\\/05\\\/IMG_1919-scaled.jpg&quot;,&quot;alt&quot;:&quot;&quot;,&quot;title&quot;:&quot;IMG_1919&quot;}}],&quot;height&quot;:&quot;400px&quot;,&quot;carouselOptions&quot;:{&quot;columns&quot;:{&quot;desktop&quot;:1,&quot;tablet&quot;:2,&quot;mobile&quot;:1},&quot;columnGap&quot;:39,&quot;isLoop&quot;:true,&quot;speed&quot;:0.75,&quot;autoplayOptions&quot;:{&quot;enabled&quot;:false}},&quot;pageColor&quot;:&quot;#111111&quot;,&quot;prevNextColor&quot;:&quot;#111111&quot;,&quot;align&quot;:&quot;&quot;,&quot;background&quot;:{&quot;color&quot;:&quot;#0000&quot;},&quot;padding&quot;:{&quot;vertical&quot;:&quot;10px&quot;,&quot;horizontal&quot;:&quot;10px&quot;},&quot;isPage&quot;:true,&quot;pageSize&quot;:&quot;12px&quot;,&quot;isPrevNext&quot;:true,&quot;prevNextSize&quot;:&quot;25px&quot;}'><\/div>\r\n\r\n\t\t<\/div>\n<\/div>\n<\/div>\n<\/div>\n<\/div>\n<\/div>\n<\/div>\n<\/div>\n\n\n\n<div class=\"wp-block-group alignfull has-global-padding is-layout-constrained wp-block-group-is-layout-constrained\" style=\"margin-top:0;margin-bottom:0;padding-top:var(--wp--preset--spacing--50);padding-right:var(--wp--preset--spacing--50);padding-bottom:var(--wp--preset--spacing--50);padding-left:var(--wp--preset--spacing--50)\">\n<div class=\"wp-block-columns alignwide are-vertically-aligned-center is-layout-flex wp-container-core-columns-layout-4 wp-block-columns-is-layout-flex\">\n<div class=\"wp-block-column is-vertically-aligned-center is-layout-flow wp-block-column-is-layout-flow\" style=\"flex-basis:50%\">\n<h2 class=\"wp-block-heading\">Le Verger<\/h2>\n\n\n\n<ul style=\"line-height:1.75\" class=\"is-style-checkmark-list\">\n<li>Grande terrasse avec jardinet<\/li>\n\n\n\n<li>S\u00e9jour avec kitchenette \u00e9quip\u00e9e<\/li>\n\n\n\n<li>1 chambre avec lit en 150*190<\/li>\n\n\n\n<li>1 chambre avec lits superpos\u00e9s 90*190<\/li>\n\n\n\n<li>1 salle de bain avec douche et toilettes<\/li>\n\n\n\n<li>Draps et serviettes compris<\/li>\n\n\n\n<li>WIFI, TV<\/li>\n\n\n\n<li>Parking<\/li>\n\n\n\n<li>Animaux bienvenus<\/li>\n\n\n\n<li>Kit b\u00e9b\u00e9<\/li>\n\n\n\n<li>Non fumeur<\/li>\n<\/ul>\n\n\n\n<details class=\"wp-block-details is-layout-flow wp-block-details-is-layout-flow\"><summary>Tarifs<\/summary>\n<p>Haute saison (vacances de f\u00e9vrier et d&rsquo;\u00e9t\u00e9): 595\u20ac\/semaine.<\/p>\n\n\n\n<p>Autres p\u00e9riodes: nous consulter.<\/p>\n\n\n\n<p><\/p>\n\n\n\n<p>Taxe de s\u00e9jour en suppl\u00e9ment:  1\u20ac30 \/ adulte \/ nuit.<\/p>\n\n\n\n<p>Animal de compagnie: 10\u20ac\/s\u00e9jour<\/p>\n\n\n\n<p>Panier de linge : 5\u20ac (1 offert en haute saison)<\/p>\n\n\n\n<p>Caution : 150\u20ac \u00e0 verser \u00e0 l&rsquo;arriv\u00e9e<\/p>\n\n\n\n<p>Acompte 25% \u00e0 la r\u00e9servation par ch\u00e8que, virement ou ch\u00e8ques vacances ANCV<\/p>\n<\/details>\n\n\n\n<div class=\"wp-block-buttons is-layout-flex wp-block-buttons-is-layout-flex\">\n<div class=\"wp-block-button\"><a class=\"wp-block-button__link wp-element-button\">2 \u00e0 4 personnes<\/a><\/div>\n\n\n\n<div class=\"wp-block-button is-style-outline\"><a class=\"wp-block-button__link wp-element-button\" href=\"https:\/\/villa-ithaque.fr\/?page_id=63\">R\u00e9servation<\/a><\/div>\n<\/div>\n<\/div>\n\n\n\n<div class=\"wp-block-column is-vertically-aligned-center is-layout-flow wp-block-column-is-layout-flow\" style=\"flex-basis:80%\">\t\t<div class='wp-block-bicb-carousel  align' id='bicbCarousel-e39e29e6-4' data-attributes='{&quot;cId&quot;:&quot;e39e29e6-4&quot;,&quot;carousels&quot;:[{&quot;image&quot;:{&quot;id&quot;:313,&quot;url&quot;:&quot;https:\\\/\\\/villa-ithaque.fr\\\/wp-content\\\/uploads\\\/2024\\\/01\\\/IMG_0967-scaled.jpg&quot;,&quot;alt&quot;:&quot;&quot;,&quot;title&quot;:&quot;IMG_0967&quot;}},{&quot;image&quot;:{&quot;id&quot;:389,&quot;url&quot;:&quot;https:\\\/\\\/villa-ithaque.fr\\\/wp-content\\\/uploads\\\/2024\\\/02\\\/Terrasse-vergerGO-scaled.jpg&quot;,&quot;alt&quot;:&quot;&quot;,&quot;title&quot;:&quot;Terrasse-vergerGO&quot;}},{&quot;image&quot;:{&quot;id&quot;:391,&quot;url&quot;:&quot;https:\\\/\\\/villa-ithaque.fr\\\/wp-content\\\/uploads\\\/2024\\\/02\\\/ChbreDBB_verger-scaled.jpg&quot;,&quot;alt&quot;:&quot;&quot;,&quot;title&quot;:&quot;ChbreDBB_verger&quot;}},{&quot;image&quot;:{&quot;id&quot;:381,&quot;url&quot;:&quot;https:\\\/\\\/villa-ithaque.fr\\\/wp-content\\\/uploads\\\/2024\\\/02\\\/IMG_1723-scaled.jpg&quot;,&quot;alt&quot;:&quot;&quot;,&quot;title&quot;:&quot;IMG_1723&quot;}},{&quot;image&quot;:{&quot;id&quot;:392,&quot;url&quot;:&quot;https:\\\/\\\/villa-ithaque.fr\\\/wp-content\\\/uploads\\\/2024\\\/02\\\/Chbrefond_verger.jpg&quot;,&quot;alt&quot;:&quot;&quot;,&quot;title&quot;:&quot;Chbrefond_verger&quot;}},{&quot;image&quot;:{&quot;id&quot;:316,&quot;url&quot;:&quot;https:\\\/\\\/villa-ithaque.fr\\\/wp-content\\\/uploads\\\/2024\\\/01\\\/Chbre2_verger-scaled.jpg&quot;,&quot;alt&quot;:&quot;&quot;,&quot;title&quot;:&quot;Chbre2_verger&quot;}},{&quot;image&quot;:{&quot;id&quot;:315,&quot;url&quot;:&quot;https:\\\/\\\/villa-ithaque.fr\\\/wp-content\\\/uploads\\\/2024\\\/01\\\/SejourV22-scaled.jpg&quot;,&quot;alt&quot;:&quot;&quot;,&quot;title&quot;:&quot;S\\u00e9jourV22&quot;}},{&quot;image&quot;:{&quot;id&quot;:436,&quot;url&quot;:&quot;https:\\\/\\\/villa-ithaque.fr\\\/wp-content\\\/uploads\\\/2025\\\/05\\\/IMG_2581-scaled.jpg&quot;,&quot;alt&quot;:&quot;Kitchenette le Verger&quot;,&quot;title&quot;:&quot;IMG_2581&quot;}},{&quot;image&quot;:{&quot;id&quot;:357,&quot;url&quot;:&quot;https:\\\/\\\/villa-ithaque.fr\\\/wp-content\\\/uploads\\\/2024\\\/02\\\/IMG_1692-scaled.jpg&quot;,&quot;alt&quot;:&quot;&quot;,&quot;title&quot;:&quot;IMG_1692&quot;}},{&quot;image&quot;:{&quot;id&quot;:400,&quot;url&quot;:&quot;https:\\\/\\\/villa-ithaque.fr\\\/wp-content\\\/uploads\\\/2024\\\/02\\\/IMG_1726-scaled.jpg&quot;,&quot;alt&quot;:&quot;&quot;,&quot;title&quot;:&quot;IMG_1726&quot;}},{&quot;image&quot;:{&quot;id&quot;:393,&quot;url&quot;:&quot;https:\\\/\\\/villa-ithaque.fr\\\/wp-content\\\/uploads\\\/2024\\\/02\\\/SdB_Verger-scaled.jpg&quot;,&quot;alt&quot;:&quot;&quot;,&quot;title&quot;:&quot;SdB_Verger&quot;}},{&quot;image&quot;:{&quot;id&quot;:317,&quot;url&quot;:&quot;https:\\\/\\\/villa-ithaque.fr\\\/wp-content\\\/uploads\\\/2024\\\/01\\\/Terrasse_villa-ithaque_verger-scaled.jpg&quot;,&quot;alt&quot;:&quot;&quot;,&quot;title&quot;:&quot;Terrasse_villa ithaque_verger&quot;}},{&quot;image&quot;:{&quot;id&quot;:363,&quot;url&quot;:&quot;https:\\\/\\\/villa-ithaque.fr\\\/wp-content\\\/uploads\\\/2024\\\/02\\\/rose-scaled.jpg&quot;,&quot;alt&quot;:&quot;&quot;,&quot;title&quot;:&quot;rose&quot;}},{&quot;image&quot;:{&quot;id&quot;:404,&quot;url&quot;:&quot;https:\\\/\\\/villa-ithaque.fr\\\/wp-content\\\/uploads\\\/2024\\\/02\\\/IMG_1731-scaled.jpg&quot;,&quot;alt&quot;:&quot;&quot;,&quot;title&quot;:&quot;IMG_1731&quot;}},{&quot;image&quot;:{&quot;id&quot;:437,&quot;url&quot;:&quot;https:\\\/\\\/villa-ithaque.fr\\\/wp-content\\\/uploads\\\/2025\\\/05\\\/IMG_2586-scaled.jpg&quot;,&quot;alt&quot;:&quot;Couloir spacieux&quot;,&quot;title&quot;:&quot;IMG_2586&quot;}}],&quot;height&quot;:&quot;400px&quot;,&quot;carouselOptions&quot;:{&quot;columns&quot;:{&quot;desktop&quot;:1,&quot;tablet&quot;:2,&quot;mobile&quot;:1},&quot;columnGap&quot;:28,&quot;isLoop&quot;:true,&quot;speed&quot;:0.75,&quot;autoplayOptions&quot;:{&quot;enabled&quot;:false}},&quot;padding&quot;:{&quot;vertical&quot;:&quot;10px&quot;,&quot;horizontal&quot;:&quot;10px&quot;,&quot;side&quot;:2,&quot;top&quot;:&quot;10px&quot;,&quot;right&quot;:&quot;10px&quot;,&quot;bottom&quot;:&quot;10px&quot;,&quot;left&quot;:&quot;10px&quot;},&quot;pageColor&quot;:&quot;#111111&quot;,&quot;prevNextColor&quot;:&quot;#111111&quot;,&quot;align&quot;:&quot;&quot;,&quot;background&quot;:{&quot;color&quot;:&quot;#0000&quot;},&quot;isPage&quot;:true,&quot;pageSize&quot;:&quot;12px&quot;,&quot;isPrevNext&quot;:true,&quot;prevNextSize&quot;:&quot;25px&quot;}'><\/div>\r\n\r\n\t\t<\/div>\n<\/div>\n\n\n\n<h2 class=\"wp-block-heading is-style-asterisk\">Chaque d\u00e9tail compte<\/h2>\n\n\n\t\t<div class='wp-block-bicb-carousel  align' id='bicbCarousel-40cacb85-1' data-attributes='{&quot;cId&quot;:&quot;40cacb85-1&quot;,&quot;carousels&quot;:[{&quot;image&quot;:{&quot;id&quot;:411,&quot;url&quot;:&quot;https:\\\/\\\/villa-ithaque.fr\\\/wp-content\\\/uploads\\\/2024\\\/02\\\/IMG_1732-scaled.jpg&quot;,&quot;alt&quot;:&quot;&quot;,&quot;title&quot;:&quot;IMG_1732&quot;}},{&quot;image&quot;:{&quot;id&quot;:356,&quot;url&quot;:&quot;https:\\\/\\\/villa-ithaque.fr\\\/wp-content\\\/uploads\\\/2024\\\/02\\\/IMG_1246-scaled.jpg&quot;,&quot;alt&quot;:&quot;&quot;,&quot;title&quot;:&quot;IMG_1246&quot;}},{&quot;image&quot;:{&quot;id&quot;:null,&quot;url&quot;:&quot;https:\\\/\\\/i.ibb.co\\\/7nj8d1k\\\/white-daisy-on-grass.jpg&quot;,&quot;alt&quot;:&quot;White Daisy On Grass&quot;,&quot;title&quot;:&quot;&quot;}},{&quot;image&quot;:{&quot;id&quot;:351,&quot;url&quot;:&quot;https:\\\/\\\/villa-ithaque.fr\\\/wp-content\\\/uploads\\\/2024\\\/02\\\/Accueil_villa-ithaque_hiver-scaled.jpg&quot;,&quot;alt&quot;:&quot;&quot;,&quot;title&quot;:&quot;Accueil_villa ithaque_hiver&quot;}},{&quot;image&quot;:{&quot;id&quot;:355,&quot;url&quot;:&quot;https:\\\/\\\/villa-ithaque.fr\\\/wp-content\\\/uploads\\\/2024\\\/02\\\/IMG_1245-scaled.jpg&quot;,&quot;alt&quot;:&quot;&quot;,&quot;title&quot;:&quot;IMG_1245&quot;}},{&quot;image&quot;:{&quot;id&quot;:354,&quot;url&quot;:&quot;https:\\\/\\\/villa-ithaque.fr\\\/wp-content\\\/uploads\\\/2024\\\/02\\\/IMG_1243-scaled.jpg&quot;,&quot;alt&quot;:&quot;&quot;,&quot;title&quot;:&quot;IMG_1243&quot;}},{&quot;image&quot;:{&quot;id&quot;:352,&quot;url&quot;:&quot;https:\\\/\\\/villa-ithaque.fr\\\/wp-content\\\/uploads\\\/2024\\\/02\\\/enseigne-scaled-e1707579408951.jpg&quot;,&quot;alt&quot;:&quot;&quot;,&quot;title&quot;:&quot;enseigne&quot;}},{&quot;image&quot;:{&quot;id&quot;:291,&quot;url&quot;:&quot;https:\\\/\\\/villa-ithaque.fr\\\/wp-content\\\/uploads\\\/2024\\\/01\\\/allee-printemps.jpg&quot;,&quot;alt&quot;:&quot;&quot;,&quot;title&quot;:&quot;all\\u00e9e printemps&quot;}},{&quot;image&quot;:{&quot;id&quot;:362,&quot;url&quot;:&quot;https:\\\/\\\/villa-ithaque.fr\\\/wp-content\\\/uploads\\\/2024\\\/02\\\/Kitbebe-scaled.jpg&quot;,&quot;alt&quot;:&quot;&quot;,&quot;title&quot;:&quot;Kitb\\u00e9b\\u00e9&quot;}},{&quot;image&quot;:{&quot;id&quot;:353,&quot;url&quot;:&quot;https:\\\/\\\/villa-ithaque.fr\\\/wp-content\\\/uploads\\\/2024\\\/02\\\/IMG_0853-scaled.jpg&quot;,&quot;alt&quot;:&quot;&quot;,&quot;title&quot;:&quot;IMG_0853&quot;}},{&quot;image&quot;:{&quot;id&quot;:398,&quot;url&quot;:&quot;https:\\\/\\\/villa-ithaque.fr\\\/wp-content\\\/uploads\\\/2024\\\/02\\\/accueil_villa_ithaque-scaled.jpg&quot;,&quot;alt&quot;:&quot;&quot;,&quot;title&quot;:&quot;accueil_villa_ithaque&quot;}},{&quot;image&quot;:{&quot;id&quot;:361,&quot;url&quot;:&quot;https:\\\/\\\/villa-ithaque.fr\\\/wp-content\\\/uploads\\\/2024\\\/02\\\/kerne-scaled.jpg&quot;,&quot;alt&quot;:&quot;&quot;,&quot;title&quot;:&quot;kerne&quot;}},{&quot;image&quot;:{&quot;id&quot;:410,&quot;url&quot;:&quot;https:\\\/\\\/villa-ithaque.fr\\\/wp-content\\\/uploads\\\/2024\\\/02\\\/IMG_1736-scaled.jpg&quot;,&quot;alt&quot;:&quot;&quot;,&quot;title&quot;:&quot;IMG_1736&quot;}}],&quot;height&quot;:&quot;350px&quot;,&quot;carouselOptions&quot;:{&quot;columns&quot;:{&quot;desktop&quot;:1,&quot;tablet&quot;:2,&quot;mobile&quot;:1},&quot;columnGap&quot;:30,&quot;isLoop&quot;:true,&quot;speed&quot;:1.5,&quot;autoplayOptions&quot;:{&quot;enabled&quot;:true,&quot;delay&quot;:1.5}},&quot;align&quot;:&quot;&quot;,&quot;background&quot;:{&quot;color&quot;:&quot;#0000&quot;},&quot;padding&quot;:{&quot;vertical&quot;:&quot;10px&quot;,&quot;horizontal&quot;:&quot;10px&quot;},&quot;isPage&quot;:true,&quot;pageSize&quot;:&quot;12px&quot;,&quot;pageColor&quot;:&quot;#4527a4&quot;,&quot;isPrevNext&quot;:true,&quot;prevNextSize&quot;:&quot;25px&quot;,&quot;prevNextColor&quot;:&quot;#4527a4&quot;}'><\/div>\r\n\r\n\t\t<\/div>\n\n\n","protected":false},"excerpt":{"rendered":"<p>La Villa Ithaque est situ\u00e9e \u00e0 Esterre dans une maison d&rsquo;h\u00f4tes de caract\u00e8re entour\u00e9e d&rsquo;un \u00e9crin de verdure. Deux appartements, r\u00e9cemment r\u00e9nov\u00e9s sont propos\u00e9s \u00e0 nos voyageurs. Ils disposent chacun d&rsquo;une entr\u00e9e ind\u00e9pendante et d&rsquo;une grande terrasse privative avec belle vue sur le jardin et montagnes. Le concept : le confort &amp; l&rsquo;accueil d&rsquo;une chambre [&hellip;]<\/p>\n","protected":false},"author":1,"featured_media":0,"parent":0,"menu_order":0,"comment_status":"closed","ping_status":"closed","template":"","meta":{"footnotes":""},"_links":{"self":[{"href":"https:\/\/villa-ithaque.fr\/index.php?rest_route=\/wp\/v2\/pages\/60"}],"collection":[{"href":"https:\/\/villa-ithaque.fr\/index.php?rest_route=\/wp\/v2\/pages"}],"about":[{"href":"https:\/\/villa-ithaque.fr\/index.php?rest_route=\/wp\/v2\/types\/page"}],"author":[{"embeddable":true,"href":"https:\/\/villa-ithaque.fr\/index.php?rest_route=\/wp\/v2\/users\/1"}],"replies":[{"embeddable":true,"href":"https:\/\/villa-ithaque.fr\/index.php?rest_route=%2Fwp%2Fv2%2Fcomments&post=60"}],"version-history":[{"count":53,"href":"https:\/\/villa-ithaque.fr\/index.php?rest_route=\/wp\/v2\/pages\/60\/revisions"}],"predecessor-version":[{"id":442,"href":"https:\/\/villa-ithaque.fr\/index.php?rest_route=\/wp\/v2\/pages\/60\/revisions\/442"}],"wp:attachment":[{"href":"https:\/\/villa-ithaque.fr\/index.php?rest_route=%2Fwp%2Fv2%2Fmedia&parent=60"}],"curies":[{"name":"wp","href":"https:\/\/api.w.org\/{rel}","templated":true}]}}